{"id":675,"date":"2025-10-23T17:41:33","date_gmt":"2025-10-23T15:41:33","guid":{"rendered":"https:\/\/emerfoc.es\/qui-som\/"},"modified":"2025-10-24T13:06:42","modified_gmt":"2025-10-24T11:06:42","slug":"qui-som","status":"publish","type":"page","link":"https:\/\/emerfoc.es\/ca\/qui-som\/","title":{"rendered":"Qui som"},"content":{"rendered":"\t\t<div data-elementor-type=\"wp-post\" data-elementor-id=\"675\" class=\"elementor elementor-675 elementor-595\" data-elementor-post-type=\"page\">\n\t\t\t\t\t\t<section class=\"elementor-section elementor-top-section elementor-element elementor-element-29c6158 elementor-section-full_width elementor-section-height-default elementor-section-height-default\" data-id=\"29c6158\" data-element_type=\"section\" data-settings=\"{&quot;background_background&quot;:&quot;classic&quot;}\">\n\t\t\t\t\t\t<div class=\"elementor-container elementor-column-gap-default\">\n\t\t\t\t\t<div class=\"elementor-column elementor-col-100 elementor-top-column elementor-element elementor-element-c669488\" data-id=\"c669488\" data-element_type=\"column\">\n\t\t\t<div class=\"elementor-widget-wrap elementor-element-populated\">\n\t\t\t\t\t\t<div class=\"elementor-element elementor-element-95268c5 elementor-widget elementor-widget-heading\" data-id=\"95268c5\" data-element_type=\"widget\" data-widget_type=\"heading.default\">\n\t\t\t\t<div class=\"elementor-widget-container\">\n\t\t\t\t\t<h1 class=\"elementor-heading-title elementor-size-default\">QUI SOM<\/h1>\t\t\t\t<\/div>\n\t\t\t\t<\/div>\n\t\t\t\t\t<\/div>\n\t\t<\/div>\n\t\t\t\t\t<\/div>\n\t\t<\/section>\n\t\t\t\t<section class=\"elementor-section elementor-top-section elementor-element elementor-element-0656960 elementor-section-boxed elementor-section-height-default elementor-section-height-default\" data-id=\"0656960\" data-element_type=\"section\">\n\t\t\t\t\t\t<div class=\"elementor-container elementor-column-gap-no\">\n\t\t\t\t\t<div class=\"elementor-column elementor-col-100 elementor-top-column elementor-element elementor-element-f4f6c37\" data-id=\"f4f6c37\" data-element_type=\"column\">\n\t\t\t<div class=\"elementor-widget-wrap elementor-element-populated\">\n\t\t\t\t\t\t<section class=\"elementor-section elementor-inner-section elementor-element elementor-element-f3fd652 elementor-section-boxed elementor-section-height-default elementor-section-height-default\" data-id=\"f3fd652\" data-element_type=\"section\">\n\t\t\t\t\t\t<div class=\"elementor-container elementor-column-gap-default\">\n\t\t\t\t\t<div class=\"elementor-column elementor-col-100 elementor-inner-column elementor-element elementor-element-d5a77a6\" data-id=\"d5a77a6\" data-element_type=\"column\">\n\t\t\t<div class=\"elementor-widget-wrap elementor-element-populated\">\n\t\t\t\t\t\t<div class=\"elementor-element elementor-element-0fb28bd elementor-hidden-desktop elementor-hidden-tablet elementor-pagination-position-outside elementor-widget elementor-widget-image-carousel\" data-id=\"0fb28bd\" data-element_type=\"widget\" data-settings=\"{&quot;slides_to_show_mobile&quot;:&quot;1&quot;,&quot;navigation&quot;:&quot;dots&quot;,&quot;autoplay&quot;:&quot;yes&quot;,&quot;pause_on_hover&quot;:&quot;yes&quot;,&quot;pause_on_interaction&quot;:&quot;yes&quot;,&quot;autoplay_speed&quot;:5000,&quot;infinite&quot;:&quot;yes&quot;,&quot;speed&quot;:500}\" data-widget_type=\"image-carousel.default\">\n\t\t\t\t<div class=\"elementor-widget-container\">\n\t\t\t\t\t\t\t<div class=\"elementor-image-carousel-wrapper swiper\" role=\"region\" aria-roledescription=\"carousel\" aria-label=\"Carrusel de im\u00e1genes\" dir=\"ltr\">\n\t\t\t<div class=\"elementor-image-carousel swiper-wrapper\" aria-live=\"off\">\n\t\t\t\t\t\t\t\t<div class=\"swiper-slide\" role=\"group\" aria-roledescription=\"slide\" aria-label=\"1 de 3\"><figure class=\"swiper-slide-inner\"><img decoding=\"async\" class=\"swiper-slide-image\" src=\"https:\/\/emerfoc.es\/wp-content\/uploads\/2025\/10\/QUINES-SOMOS1_p.jpeg\" alt=\"QUINES SOMOS1_p\" \/><\/figure><\/div><div class=\"swiper-slide\" role=\"group\" aria-roledescription=\"slide\" aria-label=\"2 de 3\"><figure class=\"swiper-slide-inner\"><img decoding=\"async\" class=\"swiper-slide-image\" src=\"https:\/\/emerfoc.es\/wp-content\/uploads\/2025\/10\/QUIENES-SOMOS2_img.jpeg\" alt=\"QUIENES SOMOS2_img\" \/><\/figure><\/div><div class=\"swiper-slide\" role=\"group\" aria-roledescription=\"slide\" aria-label=\"3 de 3\"><figure class=\"swiper-slide-inner\"><img decoding=\"async\" class=\"swiper-slide-image\" src=\"https:\/\/emerfoc.es\/wp-content\/uploads\/2025\/10\/QUINES-SOMOS3_p.jpeg\" alt=\"QUINES SOMOS3_p\" \/><\/figure><\/div>\t\t\t<\/div>\n\t\t\t\t\t\t\t\n\t\t\t\t\t\t\t\t\t<div class=\"swiper-pagination\"><\/div>\n\t\t\t\t\t\t\t\t\t<\/div>\n\t\t\t\t\t\t<\/div>\n\t\t\t\t<\/div>\n\t\t\t\t<div class=\"elementor-element elementor-element-e6e73b0 elementor-hidden-mobile elementor-widget elementor-widget-image-gallery\" data-id=\"e6e73b0\" data-element_type=\"widget\" data-widget_type=\"image-gallery.default\">\n\t\t\t\t<div class=\"elementor-widget-container\">\n\t\t\t\t\t\t\t<div class=\"elementor-image-gallery\">\n\t\t\t<div id='gallery-1' class='gallery galleryid-675 gallery-columns-3 gallery-size-medium_large'><figure class='gallery-item'>\n\t\t\t<div class='gallery-icon landscape'>\n\t\t\t\t<img fetchpriority=\"high\" decoding=\"async\" width=\"768\" height=\"683\" src=\"https:\/\/emerfoc.es\/wp-content\/uploads\/2025\/10\/QUINES-SOMOS1_p-768x683.jpeg\" class=\"attachment-medium_large size-medium_large\" alt=\"\" srcset=\"https:\/\/emerfoc.es\/wp-content\/uploads\/2025\/10\/QUINES-SOMOS1_p-768x683.jpeg 768w, https:\/\/emerfoc.es\/wp-content\/uploads\/2025\/10\/QUINES-SOMOS1_p-300x267.jpeg 300w, https:\/\/emerfoc.es\/wp-content\/uploads\/2025\/10\/QUINES-SOMOS1_p.jpeg 900w\" sizes=\"(max-width: 768px) 100vw, 768px\" \/>\n\t\t\t<\/div><\/figure><figure class='gallery-item'>\n\t\t\t<div class='gallery-icon landscape'>\n\t\t\t\t<img decoding=\"async\" width=\"768\" height=\"683\" src=\"https:\/\/emerfoc.es\/wp-content\/uploads\/2025\/10\/QUIENES-SOMOS2_img-768x683.jpeg\" class=\"attachment-medium_large size-medium_large\" alt=\"\" srcset=\"https:\/\/emerfoc.es\/wp-content\/uploads\/2025\/10\/QUIENES-SOMOS2_img-768x683.jpeg 768w, https:\/\/emerfoc.es\/wp-content\/uploads\/2025\/10\/QUIENES-SOMOS2_img-300x267.jpeg 300w, https:\/\/emerfoc.es\/wp-content\/uploads\/2025\/10\/QUIENES-SOMOS2_img.jpeg 900w\" sizes=\"(max-width: 768px) 100vw, 768px\" \/>\n\t\t\t<\/div><\/figure><figure class='gallery-item'>\n\t\t\t<div class='gallery-icon landscape'>\n\t\t\t\t<img decoding=\"async\" width=\"768\" height=\"683\" src=\"https:\/\/emerfoc.es\/wp-content\/uploads\/2025\/10\/QUINES-SOMOS3_p-768x683.jpeg\" class=\"attachment-medium_large size-medium_large\" alt=\"\" srcset=\"https:\/\/emerfoc.es\/wp-content\/uploads\/2025\/10\/QUINES-SOMOS3_p-768x683.jpeg 768w, https:\/\/emerfoc.es\/wp-content\/uploads\/2025\/10\/QUINES-SOMOS3_p-300x267.jpeg 300w, https:\/\/emerfoc.es\/wp-content\/uploads\/2025\/10\/QUINES-SOMOS3_p.jpeg 900w\" sizes=\"(max-width: 768px) 100vw, 768px\" \/>\n\t\t\t<\/div><\/figure>\n\t\t<\/div>\n\t\t<\/div>\n\t\t\t\t\t\t<\/div>\n\t\t\t\t<\/div>\n\t\t\t\t\t<\/div>\n\t\t<\/div>\n\t\t\t\t\t<\/div>\n\t\t<\/section>\n\t\t\t\t\t<\/div>\n\t\t<\/div>\n\t\t\t\t\t<\/div>\n\t\t<\/section>\n\t\t\t\t<section class=\"elementor-section elementor-top-section elementor-element elementor-element-2e2088e elementor-section-boxed elementor-section-height-default elementor-section-height-default\" data-id=\"2e2088e\" data-element_type=\"section\">\n\t\t\t\t\t\t<div class=\"elementor-container elementor-column-gap-no\">\n\t\t\t\t\t<div class=\"elementor-column elementor-col-100 elementor-top-column elementor-element elementor-element-f87d771\" data-id=\"f87d771\" data-element_type=\"column\">\n\t\t\t<div class=\"elementor-widget-wrap elementor-element-populated\">\n\t\t\t\t\t\t<section class=\"elementor-section elementor-inner-section elementor-element elementor-element-a7b95ae elementor-section-boxed elementor-section-height-default elementor-section-height-default\" data-id=\"a7b95ae\" data-element_type=\"section\">\n\t\t\t\t\t\t<div class=\"elementor-container elementor-column-gap-default\">\n\t\t\t\t\t<div class=\"elementor-column elementor-col-100 elementor-inner-column elementor-element elementor-element-6ea5586\" data-id=\"6ea5586\" data-element_type=\"column\">\n\t\t\t<div class=\"elementor-widget-wrap elementor-element-populated\">\n\t\t\t\t\t\t<div class=\"elementor-element elementor-element-421a5b5 elementor-widget__width-initial elementor-widget elementor-widget-heading\" data-id=\"421a5b5\" data-element_type=\"widget\" data-widget_type=\"heading.default\">\n\t\t\t\t<div class=\"elementor-widget-container\">\n\t\t\t\t\t<h1 class=\"elementor-heading-title elementor-size-default\">Som professionals en actiu que ensenyem des de l'experi\u00e8ncia real<\/h1>\t\t\t\t<\/div>\n\t\t\t\t<\/div>\n\t\t\t\t\t<\/div>\n\t\t<\/div>\n\t\t\t\t\t<\/div>\n\t\t<\/section>\n\t\t\t\t<section class=\"elementor-section elementor-inner-section elementor-element elementor-element-abe20b3 elementor-section-boxed elementor-section-height-default elementor-section-height-default\" data-id=\"abe20b3\" data-element_type=\"section\">\n\t\t\t\t\t\t<div class=\"elementor-container elementor-column-gap-default\">\n\t\t\t\t\t<div class=\"elementor-column elementor-col-100 elementor-inner-column elementor-element elementor-element-c914dcc\" data-id=\"c914dcc\" data-element_type=\"column\">\n\t\t\t<div class=\"elementor-widget-wrap elementor-element-populated\">\n\t\t\t\t\t\t<div class=\"elementor-element elementor-element-953070f elementor-widget elementor-widget-text-editor\" data-id=\"953070f\" data-element_type=\"widget\" data-widget_type=\"text-editor.default\">\n\t\t\t\t<div class=\"elementor-widget-container\">\n\t\t\t\t\t\t\t\t\t<p><br>Som un equip format per bombers, infermeres i t\u00e8cnics en prevenci\u00f3 de riscos laborals, compromesos en oferir una formaci\u00f3 teoricopr\u00e0ctica de qualitat.<\/p><p>La nostra experi\u00e8ncia durant els anys ens ha perm\u00e8s comprovar la import\u00e0ncia fonamental de l&#8217;\u00e0mbit de la prevenci\u00f3. Per aix\u00f2, amb una voluntat ferma i incessant de millora cont\u00ednua, posem a la disposici\u00f3 dels nostres alumnes un aprenentatge din\u00e0mic, efectiu i adaptat a la realitat del sector.<\/p><p>Sempre treballem amb professionalitat, proximitat i una actitud positiva, conven\u00e7uts que fer les coses b\u00e9 \u00e9s la millor manera de garantir l&#8217;aprenentatge i, per tant, la seguretat en el moment oport\u00fa.<\/p>\t\t\t\t\t\t\t\t<\/div>\n\t\t\t\t<\/div>\n\t\t\t\t\t<\/div>\n\t\t<\/div>\n\t\t\t\t\t<\/div>\n\t\t<\/section>\n\t\t\t\t<section class=\"elementor-section elementor-inner-section elementor-element elementor-element-f5688f5 elementor-section-boxed elementor-section-height-default elementor-section-height-default\" data-id=\"f5688f5\" data-element_type=\"section\">\n\t\t\t\t\t\t<div class=\"elementor-container elementor-column-gap-default\">\n\t\t\t\t\t<div class=\"elementor-column elementor-col-33 elementor-inner-column elementor-element elementor-element-f003212\" data-id=\"f003212\" data-element_type=\"column\">\n\t\t\t<div class=\"elementor-widget-wrap elementor-element-populated\">\n\t\t\t\t\t\t<div class=\"elementor-element elementor-element-d3242c5 elementor-widget elementor-widget-image\" data-id=\"d3242c5\" data-element_type=\"widget\" data-widget_type=\"image.default\">\n\t\t\t\t<div class=\"elementor-widget-container\">\n\t\t\t\t\t\t\t\t\t\t\t\t\t\t\t<img loading=\"lazy\" decoding=\"async\" width=\"700\" height=\"600\" src=\"https:\/\/emerfoc.es\/wp-content\/uploads\/2025\/04\/extincion-incendios-avanzado.jpg\" class=\"attachment-large size-large wp-image-392\" alt=\"\" srcset=\"https:\/\/emerfoc.es\/wp-content\/uploads\/2025\/04\/extincion-incendios-avanzado.jpg 700w, https:\/\/emerfoc.es\/wp-content\/uploads\/2025\/04\/extincion-incendios-avanzado-300x257.jpg 300w\" sizes=\"(max-width: 700px) 100vw, 700px\" \/>\t\t\t\t\t\t\t\t\t\t\t\t\t\t\t<\/div>\n\t\t\t\t<\/div>\n\t\t\t\t<div class=\"elementor-element elementor-element-02e32c1 elementor-widget elementor-widget-counter\" data-id=\"02e32c1\" data-element_type=\"widget\" data-widget_type=\"counter.default\">\n\t\t\t\t<div class=\"elementor-widget-container\">\n\t\t\t\t\t\t\t<div class=\"elementor-counter\">\n\t\t\t<div class=\"elementor-counter-title\">ANYS FENT FORMACIONS PER TOTA ESPANYA<\/div>\t\t\t<div class=\"elementor-counter-number-wrapper\">\n\t\t\t\t<span class=\"elementor-counter-number-prefix\">+<\/span>\n\t\t\t\t<span class=\"elementor-counter-number\" data-duration=\"2000\" data-to-value=\"23\" data-from-value=\"0\" data-delimiter=\",\">0<\/span>\n\t\t\t\t<span class=\"elementor-counter-number-suffix\"><\/span>\n\t\t\t<\/div>\n\t\t<\/div>\n\t\t\t\t\t\t<\/div>\n\t\t\t\t<\/div>\n\t\t\t\t\t<\/div>\n\t\t<\/div>\n\t\t\t\t<div class=\"elementor-column elementor-col-33 elementor-inner-column elementor-element elementor-element-b74aaa1\" data-id=\"b74aaa1\" data-element_type=\"column\">\n\t\t\t<div class=\"elementor-widget-wrap elementor-element-populated\">\n\t\t\t\t\t\t<div class=\"elementor-element elementor-element-ffceb0e elementor-widget elementor-widget-image\" data-id=\"ffceb0e\" data-element_type=\"widget\" data-widget_type=\"image.default\">\n\t\t\t\t<div class=\"elementor-widget-container\">\n\t\t\t\t\t\t\t\t\t\t\t\t\t\t\t<img loading=\"lazy\" decoding=\"async\" width=\"700\" height=\"600\" src=\"https:\/\/emerfoc.es\/wp-content\/uploads\/2025\/04\/intervencion-en-espacios-confinados.jpg\" class=\"attachment-large size-large wp-image-394\" alt=\"\" srcset=\"https:\/\/emerfoc.es\/wp-content\/uploads\/2025\/04\/intervencion-en-espacios-confinados.jpg 700w, https:\/\/emerfoc.es\/wp-content\/uploads\/2025\/04\/intervencion-en-espacios-confinados-300x257.jpg 300w\" sizes=\"(max-width: 700px) 100vw, 700px\" \/>\t\t\t\t\t\t\t\t\t\t\t\t\t\t\t<\/div>\n\t\t\t\t<\/div>\n\t\t\t\t<div class=\"elementor-element elementor-element-6fdae24 elementor-widget elementor-widget-counter\" data-id=\"6fdae24\" data-element_type=\"widget\" data-widget_type=\"counter.default\">\n\t\t\t\t<div class=\"elementor-widget-container\">\n\t\t\t\t\t\t\t<div class=\"elementor-counter\">\n\t\t\t<div class=\"elementor-counter-title\">CURSOS REALITZATS<br>AMB \u00c8XIT<\/div>\t\t\t<div class=\"elementor-counter-number-wrapper\">\n\t\t\t\t<span class=\"elementor-counter-number-prefix\">+<\/span>\n\t\t\t\t<span class=\"elementor-counter-number\" data-duration=\"2000\" data-to-value=\"10000\" data-from-value=\"0\" data-delimiter=\".\">0<\/span>\n\t\t\t\t<span class=\"elementor-counter-number-suffix\"><\/span>\n\t\t\t<\/div>\n\t\t<\/div>\n\t\t\t\t\t\t<\/div>\n\t\t\t\t<\/div>\n\t\t\t\t\t<\/div>\n\t\t<\/div>\n\t\t\t\t<div class=\"elementor-column elementor-col-33 elementor-inner-column elementor-element elementor-element-0f52616\" data-id=\"0f52616\" data-element_type=\"column\">\n\t\t\t<div class=\"elementor-widget-wrap elementor-element-populated\">\n\t\t\t\t\t\t<div class=\"elementor-element elementor-element-558a0f1 elementor-widget elementor-widget-image\" data-id=\"558a0f1\" data-element_type=\"widget\" data-widget_type=\"image.default\">\n\t\t\t\t<div class=\"elementor-widget-container\">\n\t\t\t\t\t\t\t\t\t\t\t\t\t\t\t<img loading=\"lazy\" decoding=\"async\" width=\"700\" height=\"600\" src=\"https:\/\/emerfoc.es\/wp-content\/uploads\/2025\/04\/planes-de-emergencia.jpg\" class=\"attachment-large size-large wp-image-395\" alt=\"\" srcset=\"https:\/\/emerfoc.es\/wp-content\/uploads\/2025\/04\/planes-de-emergencia.jpg 700w, https:\/\/emerfoc.es\/wp-content\/uploads\/2025\/04\/planes-de-emergencia-300x257.jpg 300w\" sizes=\"(max-width: 700px) 100vw, 700px\" \/>\t\t\t\t\t\t\t\t\t\t\t\t\t\t\t<\/div>\n\t\t\t\t<\/div>\n\t\t\t\t<div class=\"elementor-element elementor-element-039b9cb elementor-widget elementor-widget-counter\" data-id=\"039b9cb\" data-element_type=\"widget\" data-widget_type=\"counter.default\">\n\t\t\t\t<div class=\"elementor-widget-container\">\n\t\t\t\t\t\t\t<div class=\"elementor-counter\">\n\t\t\t<div class=\"elementor-counter-title\">EMPRESES<br>FORMADES<\/div>\t\t\t<div class=\"elementor-counter-number-wrapper\">\n\t\t\t\t<span class=\"elementor-counter-number-prefix\">+<\/span>\n\t\t\t\t<span class=\"elementor-counter-number\" data-duration=\"2000\" data-to-value=\"1000\" data-from-value=\"0\" data-delimiter=\".\">0<\/span>\n\t\t\t\t<span class=\"elementor-counter-number-suffix\"><\/span>\n\t\t\t<\/div>\n\t\t<\/div>\n\t\t\t\t\t\t<\/div>\n\t\t\t\t<\/div>\n\t\t\t\t\t<\/div>\n\t\t<\/div>\n\t\t\t\t\t<\/div>\n\t\t<\/section>\n\t\t\t\t\t<\/div>\n\t\t<\/div>\n\t\t\t\t\t<\/div>\n\t\t<\/section>\n\t\t\t\t<section class=\"elementor-section elementor-top-section elementor-element elementor-element-dc03c4f elementor-section-full_width elementor-section-content-bottom elementor-section-height-default elementor-section-height-default\" data-id=\"dc03c4f\" data-element_type=\"section\">\n\t\t\t\t\t\t<div class=\"elementor-container elementor-column-gap-default\">\n\t\t\t\t\t<div class=\"elementor-column elementor-col-100 elementor-top-column elementor-element elementor-element-965233b\" data-id=\"965233b\" data-element_type=\"column\">\n\t\t\t<div class=\"elementor-widget-wrap elementor-element-populated\">\n\t\t\t\t\t\t<div class=\"elementor-element elementor-element-c8066d6 elementor-widget__width-auto elementor-absolute elementor-hidden-mobile elementor-widget elementor-widget-image\" data-id=\"c8066d6\" data-element_type=\"widget\" data-settings=\"{&quot;_position&quot;:&quot;absolute&quot;}\" data-widget_type=\"image.default\">\n\t\t\t\t<div class=\"elementor-widget-container\">\n\t\t\t\t\t\t\t\t\t\t\t\t\t\t\t<img loading=\"lazy\" decoding=\"async\" width=\"2000\" height=\"370\" src=\"https:\/\/emerfoc.es\/wp-content\/uploads\/2025\/04\/3Imatge-inferior.jpg\" class=\"attachment-full size-full wp-image-419\" alt=\"\" srcset=\"https:\/\/emerfoc.es\/wp-content\/uploads\/2025\/04\/3Imatge-inferior.jpg 2000w, https:\/\/emerfoc.es\/wp-content\/uploads\/2025\/04\/3Imatge-inferior-300x56.jpg 300w, https:\/\/emerfoc.es\/wp-content\/uploads\/2025\/04\/3Imatge-inferior-1024x189.jpg 1024w, https:\/\/emerfoc.es\/wp-content\/uploads\/2025\/04\/3Imatge-inferior-768x142.jpg 768w, https:\/\/emerfoc.es\/wp-content\/uploads\/2025\/04\/3Imatge-inferior-1536x284.jpg 1536w\" sizes=\"(max-width: 2000px) 100vw, 2000px\" \/>\t\t\t\t\t\t\t\t\t\t\t\t\t\t\t<\/div>\n\t\t\t\t<\/div>\n\t\t\t\t<div class=\"elementor-element elementor-element-9be2d45 elementor-widget__width-auto elementor-absolute elementor-widget elementor-widget-image\" data-id=\"9be2d45\" data-element_type=\"widget\" data-settings=\"{&quot;_position&quot;:&quot;absolute&quot;}\" data-widget_type=\"image.default\">\n\t\t\t\t<div class=\"elementor-widget-container\">\n\t\t\t\t\t\t\t\t\t\t\t\t\t\t\t<img loading=\"lazy\" decoding=\"async\" width=\"202\" height=\"1024\" src=\"https:\/\/emerfoc.es\/wp-content\/uploads\/2025\/04\/2Imatge-mig-dreta-202x1024.jpg\" class=\"attachment-large size-large wp-image-418\" alt=\"\" srcset=\"https:\/\/emerfoc.es\/wp-content\/uploads\/2025\/04\/2Imatge-mig-dreta-202x1024.jpg 202w, https:\/\/emerfoc.es\/wp-content\/uploads\/2025\/04\/2Imatge-mig-dreta-59x300.jpg 59w, https:\/\/emerfoc.es\/wp-content\/uploads\/2025\/04\/2Imatge-mig-dreta-303x1536.jpg 303w, https:\/\/emerfoc.es\/wp-content\/uploads\/2025\/04\/2Imatge-mig-dreta.jpg 383w\" sizes=\"(max-width: 202px) 100vw, 202px\" \/>\t\t\t\t\t\t\t\t\t\t\t\t\t\t\t<\/div>\n\t\t\t\t<\/div>\n\t\t\t\t\t<\/div>\n\t\t<\/div>\n\t\t\t\t\t<\/div>\n\t\t<\/section>\n\t\t\t\t<\/div>\n\t\t","protected":false},"excerpt":{"rendered":"<p>QUI SOM Som professionals en actiu que ensenyem des de l&#8217;experi\u00e8ncia real Som un equip format per bombers, infermeres i t\u00e8cnics en prevenci\u00f3 de riscos laborals, compromesos en oferir una formaci\u00f3 teoricopr\u00e0ctica de qualitat. La nostra experi\u00e8ncia durant els anys ens ha perm\u00e8s comprovar la import\u00e0ncia fonamental de l&#8217;\u00e0mbit de la prevenci\u00f3. Per aix\u00f2, amb [&hellip;]<\/p>\n","protected":false},"author":1,"featured_media":0,"parent":0,"menu_order":0,"comment_status":"closed","ping_status":"closed","template":"","meta":{"footnotes":""},"class_list":["post-675","page","type-page","status-publish","hentry"],"_links":{"self":[{"href":"https:\/\/emerfoc.es\/ca\/wp-json\/wp\/v2\/pages\/675","targetHints":{"allow":["GET"]}}],"collection":[{"href":"https:\/\/emerfoc.es\/ca\/wp-json\/wp\/v2\/pages"}],"about":[{"href":"https:\/\/emerfoc.es\/ca\/wp-json\/wp\/v2\/types\/page"}],"author":[{"embeddable":true,"href":"https:\/\/emerfoc.es\/ca\/wp-json\/wp\/v2\/users\/1"}],"replies":[{"embeddable":true,"href":"https:\/\/emerfoc.es\/ca\/wp-json\/wp\/v2\/comments?post=675"}],"version-history":[{"count":1,"href":"https:\/\/emerfoc.es\/ca\/wp-json\/wp\/v2\/pages\/675\/revisions"}],"predecessor-version":[{"id":676,"href":"https:\/\/emerfoc.es\/ca\/wp-json\/wp\/v2\/pages\/675\/revisions\/676"}],"wp:attachment":[{"href":"https:\/\/emerfoc.es\/ca\/wp-json\/wp\/v2\/media?parent=675"}],"curies":[{"name":"wp","href":"https:\/\/api.w.org\/{rel}","templated":true}]}}